{"id":4169,"date":"2020-12-07T14:05:01","date_gmt":"2020-12-07T13:05:01","guid":{"rendered":"https:\/\/www.arcadsoftware.com\/dot\/?page_id=4169"},"modified":"2020-12-07T14:10:24","modified_gmt":"2020-12-07T13:10:24","slug":"masquage-de-donnees-et-anonymisation-white-paper","status":"publish","type":"page","link":"https:\/\/www.arcadsoftware.fr\/dot\/formulaires-soumis\/masquage-de-donnees-et-anonymisation-white-paper\/","title":{"rendered":"Masquage de donn\u00e9es et Anonymisation &#8211; White Paper"},"content":{"rendered":"<div class=\"fusion-fullwidth fullwidth-box fusion-builder-row-1 fusion-flex-container nonhundred-percent-fullwidth non-hundred-percent-height-scrolling\" style=\"--awb-border-radius-top-left:0px;--awb-border-radius-top-right:0px;--awb-border-radius-bottom-right:0px;--awb-border-radius-bottom-left:0px;--awb-flex-wrap:wrap;\" ><div class=\"fusion-builder-row fusion-row fusion-flex-align-items-flex-start fusion-flex-justify-content-center fusion-flex-content-wrap\" style=\"max-width:calc( 1200px + 0px );margin-left: calc(-0px \/ 2 );margin-right: calc(-0px \/ 2 );\"><div class=\"fusion-layout-column fusion_builder_column fusion-builder-column-0 fusion_builder_column_2_3 2_3 fusion-flex-column\" style=\"--awb-bg-size:cover;--awb-width-large:66.666666666667%;--awb-margin-top-large:0px;--awb-spacing-right-large:0px;--awb-margin-bottom-large:0px;--awb-spacing-left-large:0px;--awb-width-medium:66.666666666667%;--awb-spacing-right-medium:0px;--awb-spacing-left-medium:0px;--awb-width-small:100%;--awb-spacing-right-small:0px;--awb-spacing-left-small:0px;\"><div class=\"fusion-column-wrapper fusion-flex-justify-content-flex-start fusion-content-layout-column\"><div class=\"fusion-title title fusion-title-1 fusion-sep-none fusion-title-center fusion-title-text fusion-title-size-one\" style=\"--awb-margin-bottom:40px;--awb-margin-top-small:12px;--awb-margin-right-small:0px;--awb-margin-bottom-small:24px;--awb-margin-left-small:0px;--awb-font-size:45px;\"><h1 class=\"fusion-title-heading title-heading-center fusion-responsive-typography-calculated\" style=\"margin:0;font-size:1em;--fontSize:45;line-height:1.33;\">Masquage de donn\u00e9es et Anonymisation<br \/>\nWhite Paper<\/h1><\/div><div class=\"fusion-text fusion-text-1\" style=\"--awb-content-alignment:center;\"><p>Merci pour votre t\u00e9l\u00e9chargement, vous recevrez prochainement un email.<br \/>\nSi vous ne le recevez pas dans les minutes qui suivent, veuillez v\u00e9rifier votre dossier de courrier ind\u00e9sirable au cas o\u00f9 l\u2019e-mail de confirmation vous y aurait \u00e9t\u00e9 envoy\u00e9 (\u00e0 la place de votre bo\u00eete de r\u00e9ception). Si c\u2019est le cas, s\u00e9lectionnez le message et cliquez sur Non spam, ce qui optimisera la r\u00e9ception des futurs messages.<\/p>\n<\/div><\/div><\/div><\/div><\/div>\n","protected":false},"excerpt":{"rendered":"","protected":false},"author":1,"featured_media":0,"parent":4172,"menu_order":0,"comment_status":"closed","ping_status":"closed","template":"","meta":{"footnotes":""},"class_list":["post-4169","page","type-page","status-publish","hentry"],"yoast_head":"<!-- This site is optimized with the Yoast SEO plugin v27.1.1 - https:\/\/yoast.com\/product\/yoast-seo-wordpress\/ -->\n<title>Masquage de donn\u00e9es et Anonymisation - White Paper - DOT - Data Oriented Testing<\/title>\n<meta name=\"robots\" content=\"noindex, nofollow\" \/>\n<meta property=\"og:locale\" content=\"en_US\" \/>\n<meta property=\"og:type\" content=\"article\" \/>\n<meta property=\"og:title\" content=\"Masquage de donn\u00e9es et Anonymisation - White Paper - DOT - Data Oriented Testing\" \/>\n<meta property=\"og:url\" content=\"https:\/\/www.arcadsoftware.fr\/dot\/formulaires-soumis\/masquage-de-donnees-et-anonymisation-white-paper\/\" \/>\n<meta property=\"og:site_name\" content=\"DOT - Data Oriented Testing\" \/>\n<meta property=\"article:modified_time\" content=\"2020-12-07T13:10:24+00:00\" \/>\n<meta name=\"twitter:card\" content=\"summary_large_image\" \/>\n<meta name=\"twitter:label1\" content=\"Est. reading time\" \/>\n\t<meta name=\"twitter:data1\" content=\"2 minutes\" \/>\n<script type=\"application\/ld+json\" class=\"yoast-schema-graph\">{\"@context\":\"https:\/\/schema.org\",\"@graph\":[{\"@type\":\"WebPage\",\"@id\":\"https:\/\/www.arcadsoftware.fr\/dot\/formulaires-soumis\/masquage-de-donnees-et-anonymisation-white-paper\/\",\"url\":\"https:\/\/www.arcadsoftware.fr\/dot\/formulaires-soumis\/masquage-de-donnees-et-anonymisation-white-paper\/\",\"name\":\"Masquage de donn\u00e9es et Anonymisation - White Paper - DOT - Data Oriented Testing\",\"isPartOf\":{\"@id\":\"https:\/\/www.arcadsoftware.com\/dot\/#website\"},\"datePublished\":\"2020-12-07T13:05:01+00:00\",\"dateModified\":\"2020-12-07T13:10:24+00:00\",\"breadcrumb\":{\"@id\":\"https:\/\/www.arcadsoftware.fr\/dot\/formulaires-soumis\/masquage-de-donnees-et-anonymisation-white-paper\/#breadcrumb\"},\"inLanguage\":\"en-US\",\"potentialAction\":[{\"@type\":\"ReadAction\",\"target\":[\"https:\/\/www.arcadsoftware.fr\/dot\/formulaires-soumis\/masquage-de-donnees-et-anonymisation-white-paper\/\"]}]},{\"@type\":\"BreadcrumbList\",\"@id\":\"https:\/\/www.arcadsoftware.fr\/dot\/formulaires-soumis\/masquage-de-donnees-et-anonymisation-white-paper\/#breadcrumb\",\"itemListElement\":[{\"@type\":\"ListItem\",\"position\":1,\"name\":\"Formulaires soumis\",\"item\":\"https:\/\/www.dot-anonymizer.fr\/formulaires-soumis\/\"},{\"@type\":\"ListItem\",\"position\":2,\"name\":\"Masquage de donn\u00e9es et Anonymisation &#8211; White Paper\"}]},{\"@type\":\"WebSite\",\"@id\":\"https:\/\/www.arcadsoftware.com\/dot\/#website\",\"url\":\"https:\/\/www.arcadsoftware.com\/dot\/\",\"name\":\"DOT - Data Oriented Testing\",\"description\":\"Confidential Data Testing Automation\",\"potentialAction\":[{\"@type\":\"SearchAction\",\"target\":{\"@type\":\"EntryPoint\",\"urlTemplate\":\"https:\/\/www.arcadsoftware.com\/dot\/?s={search_term_string}\"},\"query-input\":{\"@type\":\"PropertyValueSpecification\",\"valueRequired\":true,\"valueName\":\"search_term_string\"}}],\"inLanguage\":\"en-US\"}]}<\/script>\n<!-- \/ Yoast SEO plugin. -->","yoast_head_json":{"title":"Masquage de donn\u00e9es et Anonymisation - White Paper - DOT - Data Oriented Testing","robots":{"index":"noindex","follow":"nofollow"},"og_locale":"en_US","og_type":"article","og_title":"Masquage de donn\u00e9es et Anonymisation - White Paper - DOT - Data Oriented Testing","og_url":"https:\/\/www.arcadsoftware.fr\/dot\/formulaires-soumis\/masquage-de-donnees-et-anonymisation-white-paper\/","og_site_name":"DOT - Data Oriented Testing","article_modified_time":"2020-12-07T13:10:24+00:00","twitter_card":"summary_large_image","twitter_misc":{"Est. reading time":"2 minutes"},"schema":{"@context":"https:\/\/schema.org","@graph":[{"@type":"WebPage","@id":"https:\/\/www.arcadsoftware.fr\/dot\/formulaires-soumis\/masquage-de-donnees-et-anonymisation-white-paper\/","url":"https:\/\/www.arcadsoftware.fr\/dot\/formulaires-soumis\/masquage-de-donnees-et-anonymisation-white-paper\/","name":"Masquage de donn\u00e9es et Anonymisation - White Paper - DOT - Data Oriented Testing","isPartOf":{"@id":"https:\/\/www.arcadsoftware.com\/dot\/#website"},"datePublished":"2020-12-07T13:05:01+00:00","dateModified":"2020-12-07T13:10:24+00:00","breadcrumb":{"@id":"https:\/\/www.arcadsoftware.fr\/dot\/formulaires-soumis\/masquage-de-donnees-et-anonymisation-white-paper\/#breadcrumb"},"inLanguage":"en-US","potentialAction":[{"@type":"ReadAction","target":["https:\/\/www.arcadsoftware.fr\/dot\/formulaires-soumis\/masquage-de-donnees-et-anonymisation-white-paper\/"]}]},{"@type":"BreadcrumbList","@id":"https:\/\/www.arcadsoftware.fr\/dot\/formulaires-soumis\/masquage-de-donnees-et-anonymisation-white-paper\/#breadcrumb","itemListElement":[{"@type":"ListItem","position":1,"name":"Formulaires soumis","item":"https:\/\/www.dot-anonymizer.fr\/formulaires-soumis\/"},{"@type":"ListItem","position":2,"name":"Masquage de donn\u00e9es et Anonymisation &#8211; White Paper"}]},{"@type":"WebSite","@id":"https:\/\/www.arcadsoftware.com\/dot\/#website","url":"https:\/\/www.arcadsoftware.com\/dot\/","name":"DOT - Data Oriented Testing","description":"Confidential Data Testing Automation","potentialAction":[{"@type":"SearchAction","target":{"@type":"EntryPoint","urlTemplate":"https:\/\/www.arcadsoftware.com\/dot\/?s={search_term_string}"},"query-input":{"@type":"PropertyValueSpecification","valueRequired":true,"valueName":"search_term_string"}}],"inLanguage":"en-US"}]}},"_links":{"self":[{"href":"https:\/\/www.arcadsoftware.fr\/dot\/wp-json\/wp\/v2\/pages\/4169","targetHints":{"allow":["GET"]}}],"collection":[{"href":"https:\/\/www.arcadsoftware.fr\/dot\/wp-json\/wp\/v2\/pages"}],"about":[{"href":"https:\/\/www.arcadsoftware.fr\/dot\/wp-json\/wp\/v2\/types\/page"}],"author":[{"embeddable":true,"href":"https:\/\/www.arcadsoftware.fr\/dot\/wp-json\/wp\/v2\/users\/1"}],"replies":[{"embeddable":true,"href":"https:\/\/www.arcadsoftware.fr\/dot\/wp-json\/wp\/v2\/comments?post=4169"}],"version-history":[{"count":5,"href":"https:\/\/www.arcadsoftware.fr\/dot\/wp-json\/wp\/v2\/pages\/4169\/revisions"}],"predecessor-version":[{"id":5742,"href":"https:\/\/www.arcadsoftware.fr\/dot\/wp-json\/wp\/v2\/pages\/4169\/revisions\/5742"}],"up":[{"embeddable":true,"href":"https:\/\/www.arcadsoftware.fr\/dot\/wp-json\/wp\/v2\/pages\/4172"}],"wp:attachment":[{"href":"https:\/\/www.arcadsoftware.fr\/dot\/wp-json\/wp\/v2\/media?parent=4169"}],"curies":[{"name":"wp","href":"https:\/\/api.w.org\/{rel}","templated":true}]}}